{"id":31,"date":"2023-12-14T11:15:22","date_gmt":"2023-12-14T11:15:22","guid":{"rendered":"https:\/\/naiaraalvaroabogada.es\/abogado-familia\/?page_id=31"},"modified":"2026-05-07T11:46:40","modified_gmt":"2026-05-07T09:46:40","slug":"politica-de-cookies","status":"publish","type":"page","link":"https:\/\/naiaraalvaroabogada.es\/abogado-familia\/politica-de-cookies\/","title":{"rendered":"Pol\u00edtica de cookies"},"content":{"rendered":"\t\t<div data-elementor-type=\"wp-page\" data-elementor-id=\"31\" class=\"elementor elementor-31\" data-elementor-post-type=\"page\">\n\t\t\t\t<div class=\"elementor-element elementor-element-49b3236 e-flex e-con-boxed e-con e-parent\" data-id=\"49b3236\" data-element_type=\"container\" data-e-type=\"container\">\n\t\t\t\t\t<div class=\"e-con-inner\">\n\t\t\t\t<div class=\"elementor-element elementor-element-5700822 elementor-widget elementor-widget-heading\" data-id=\"5700822\" data-element_type=\"widget\" data-e-type=\"widget\" data-widget_type=\"heading.default\">\n\t\t\t\t<div class=\"elementor-widget-container\">\n\t\t\t\t\t<h1 class=\"elementor-heading-title elementor-size-default\">Pol\u00edtica de cookies<\/h1>\t\t\t\t<\/div>\n\t\t\t\t<\/div>\n\t\t\t\t<div class=\"elementor-element elementor-element-d887311 elementor-widget elementor-widget-text-editor\" data-id=\"d887311\" data-element_type=\"widget\" data-e-type=\"widget\" data-widget_type=\"text-editor.default\">\n\t\t\t\t<div class=\"elementor-widget-container\">\n\t\t\t\t\t\t\t\t\t<p data-start=\"0\" data-end=\"286\">Recopilamos y usamos informaci\u00f3n en este sitio web como se describe en nuestra pol\u00edtica de privacidad. Una de las formas en que recopilamos informaci\u00f3n es mediante el uso de tecnolog\u00eda denominada \u00abcookies\u00bb. En Naiara Alvaro Abogada utilizamos cookies para evitar riesgos de seguridad.<\/p><h2 data-section-id=\"127pkwo\" data-start=\"288\" data-end=\"310\">Cookies de terceros<\/h2><p data-start=\"312\" data-end=\"642\">Naiara Alvaro Abogada utiliza servicios de an\u00e1lisis, como Google Analytics, para analizar el uso que hacen los usuarios del sitio web y mejorar la usabilidad del mismo, pero en ning\u00fan caso se asocian a datos que pudieran llegar a identificar al usuario. Google Analytics es un servicio anal\u00edtico de web prestado por Google, Inc.<\/p><p data-start=\"644\" data-end=\"987\">Naiara Alvaro Abogada es usuario de la plataforma de suministro y en esta web recopilamos y utilizamos la informaci\u00f3n seg\u00fan indicamos en nuestra pol\u00edtica de privacidad. Una de las formas en las que recopilamos informaci\u00f3n es a trav\u00e9s del uso de la tecnolog\u00eda llamada \u201ccookies\u201d. En naiaraalvaroabogada.es utilizamos cookies para varias cosas.<\/p><h2 data-section-id=\"1hutlds\" data-start=\"989\" data-end=\"1011\">\u00bfQu\u00e9 es una cookie?<\/h2><p data-start=\"1013\" data-end=\"1233\">Una cookie es un archivo que se almacena en el navegador del usuario mientras se navega por diferentes sitios web. Este archivo permite obtener informaci\u00f3n sobre las preferencias del usuario y sus pautas de navegaci\u00f3n.<\/p><p data-start=\"1235\" data-end=\"1552\">Una cookie no es un virus, troyano o spam. Las cookies no suelen almacenar informaci\u00f3n sensible sobre usted, como tarjetas de cr\u00e9dito o datos bancarios, fotograf\u00edas o informaci\u00f3n personal, etc. Los datos que guardan son de car\u00e1cter t\u00e9cnico, estad\u00edsticos, preferencias personales, personalizaci\u00f3n de contenidos, etc.<\/p><h2 data-section-id=\"1wx9vc4\" data-start=\"1554\" data-end=\"1586\">\u00bfQu\u00e9 tipo de cookies existen?<\/h2><h3 data-section-id=\"294no9\" data-start=\"1588\" data-end=\"1608\">Cookies t\u00e9cnicas<\/h3><p data-start=\"1609\" data-end=\"1850\">Son las m\u00e1s elementales y permiten, entre otras cosas, saber cu\u00e1ndo est\u00e1 navegando un humano o una aplicaci\u00f3n automatizada, cu\u00e1ndo navega un usuario an\u00f3nimo y uno registrado, tareas b\u00e1sicas para el funcionamiento de cualquier web din\u00e1mica.<\/p><h3 data-section-id=\"6ve7pu\" data-start=\"1852\" data-end=\"1875\">Cookies de an\u00e1lisis<\/h3><p data-start=\"1876\" data-end=\"2036\">Recogen informaci\u00f3n sobre el tipo de navegaci\u00f3n que est\u00e1 realizando, las secciones que m\u00e1s utiliza, productos consultados, franja horaria de uso, idioma, etc.<\/p><h3 data-section-id=\"44gcat\" data-start=\"2038\" data-end=\"2063\">Cookies publicitarias<\/h3><p data-start=\"2064\" data-end=\"2151\">Muestran publicidad en funci\u00f3n de su navegaci\u00f3n, su pa\u00eds de procedencia, idioma, etc.<\/p><h2 data-section-id=\"1hybjx4\" data-start=\"2153\" data-end=\"2203\">\u00bfQu\u00e9 son las cookies propias y las de terceros?<\/h2><p data-start=\"2205\" data-end=\"2417\">Las cookies propias son las generadas por la p\u00e1gina que est\u00e1 visitando y las de terceros son las generadas por servicios o proveedores externos como Mailchimp, Mailrelay, Facebook, Twitter, Google Adsense, etc.<\/p><h2 data-section-id=\"909afx\" data-start=\"2419\" data-end=\"2466\">Cookies utilizadas en naiaraalvaroabogada.es<\/h2><p data-start=\"2468\" data-end=\"2602\">Esta web utiliza cookies propias y de terceros. En este sitio web se utilizan las siguientes cookies que se detallan a continuaci\u00f3n:<\/p><h3 data-section-id=\"1s7k21j\" data-start=\"2604\" data-end=\"2623\">Cookies propias<\/h3><ul data-start=\"2625\" data-end=\"3021\"><li data-section-id=\"1b78t2a\" data-start=\"2625\" data-end=\"2720\"><strong data-start=\"2627\" data-end=\"2648\">Inicio de sesi\u00f3n:<\/strong> Estas cookies permiten recordar el nombre de usuario y la contrase\u00f1a.<\/li><li data-section-id=\"hqu51q\" data-start=\"2721\" data-end=\"2830\"><strong data-start=\"2723\" data-end=\"2743\">Personalizaci\u00f3n:<\/strong> Estas cookies permiten recordar con qu\u00e9 personas o sitios web interact\u00faa el usuario.<\/li><li data-section-id=\"rr53a4\" data-start=\"2831\" data-end=\"3021\"><strong data-start=\"2833\" data-end=\"2850\">Preferencias:<\/strong> Recuerdan ajustes y preferencias, como el idioma preferido y tu configuraci\u00f3n de alojamiento de blogs WordPress, propiedad de la empresa norteamericana Automattic, Inc.<\/li><\/ul><p data-start=\"3023\" data-end=\"3294\">A tales efectos, los usos de tales cookies por los sistemas nunca est\u00e1n bajo control o gesti\u00f3n del responsable de la web, pueden cambiar su funci\u00f3n en cualquier momento y entrar cookies nuevas. Estas cookies tampoco reportan al responsable de esta web beneficio alguno.<\/p><p data-start=\"3296\" data-end=\"3540\">Automattic, Inc. utiliza adem\u00e1s otras cookies con la finalidad de ayudar a identificar y rastrear a los visitantes de los sitios de WordPress, conocer el uso que hacen del sitio web de Automattic, as\u00ed como sus preferencias de acceso al mismo.<\/p><p data-start=\"3542\" data-end=\"3731\">Las cookies de redes sociales pueden almacenarse en su navegador mientras navega por ejemplo cuando utiliza el bot\u00f3n de compartir contenidos de Naiara Alvaro Abogada en alguna red social.<\/p><p data-start=\"3733\" data-end=\"3867\">A continuaci\u00f3n, tienes informaci\u00f3n sobre las cookies de las redes sociales que utiliza esta web en sus propias pol\u00edticas de cookies:<\/p><ul><li style=\"font-weight: 400;\" aria-level=\"1\"><span style=\"font-weight: 400;\">Cookies de Facebook, ver m\u00e1s informaci\u00f3n en su\u00a0<\/span><a href=\"https:\/\/www.facebook.com\/policies\/cookies\/\"><span style=\"font-weight: 400;\">pol\u00edtica de cookies<\/span><\/a><\/li><li style=\"font-weight: 400;\" aria-level=\"1\"><span style=\"font-weight: 400;\">Cookies de Twitter, ver m\u00e1s informaci\u00f3n en su\u00a0<\/span><a href=\"https:\/\/twitter.com\/es\/privacy\"><span style=\"font-weight: 400;\">pol\u00edtica de cookies<\/span><\/a><\/li><li style=\"font-weight: 400;\" aria-level=\"1\"><span style=\"font-weight: 400;\">Cookies de Linkedin, ver m\u00e1s informaci\u00f3n en su\u00a0<\/span><a href=\"https:\/\/www.linkedin.com\/legal\/cookie-policy?trk=hp-cookies\"><span style=\"font-weight: 400;\">pol\u00edtica de cookies<\/span><\/a><\/li><li aria-level=\"1\"><span>Cookies de Youtube, ver m\u00e1s informaci\u00f3n en su <\/span><a href=\"http:\/\/www.google.com\/intl\/es\/policies\/technologies\/types\/\"><span>pol\u00edtica de cookies<\/span><\/a><\/li><\/ul><h2 data-section-id=\"1x1mpme\" data-start=\"3964\" data-end=\"3978\">Remarketing<\/h2><p data-start=\"3980\" data-end=\"4390\">Llevamos a cabo acciones de remarketing mediante Google AdWords, que utiliza las cookies para ayudarnos a ofrecer anuncios en l\u00ednea espec\u00edficos basados en visitas anteriores a nuestro sitio web. Google utiliza esta informaci\u00f3n para mostrar anuncios en varios sitios web de terceros a trav\u00e9s de Internet. Estas cookies est\u00e1n a punto de expirar y no contienen informaci\u00f3n que pueda identificarle personalmente.<\/p><p data-start=\"4392\" data-end=\"4594\">Tambi\u00e9n llevamos a cabo acciones de remarketing mediante Facebook Ads, que utiliza las cookies para ayudarnos a ofrecer anuncios en l\u00ednea espec\u00edficos basados en visitas anteriores a nuestro sitio web.<\/p><h2 data-section-id=\"1u4dvlz\" data-start=\"4596\" data-end=\"4624\">C\u00f3mo eliminar las cookies<\/h2><p data-start=\"4626\" data-end=\"4788\">El usuario puede eliminar y bloquear las cookies de forma general o particular para un dominio espec\u00edfico. Esto se realiza desde la configuraci\u00f3n del navegador:<\/p><ul data-start=\"4790\" data-end=\"4986\"><li style=\"font-weight: 400;\" aria-level=\"1\"><span style=\"font-weight: 400;\">Configuraci\u00f3n de cookies para\u00a0<\/span><a href=\"http:\/\/support.google.com\/chrome\/bin\/answer.py?hl=es&amp;answer=95647\"><span style=\"font-weight: 400;\">Google Chrome<\/span><\/a><\/li><li style=\"font-weight: 400;\" aria-level=\"1\"><span style=\"font-weight: 400;\">Configuraci\u00f3n de cookies para\u00a0<\/span><a href=\"https:\/\/support.apple.com\/es-es\/HT201265\"><span style=\"font-weight: 400;\">Apple Safari<\/span><\/a><\/li><li style=\"font-weight: 400;\" aria-level=\"1\"><span style=\"font-weight: 400;\">Configuraci\u00f3n de cookies para\u00a0<\/span><a href=\"https:\/\/support.microsoft.com\/en-us\/help\/17442\/windows-internet-explorer-delete-manage-cookies#ie=ie-10\"><span style=\"font-weight: 400;\">Internet Explorer<\/span><\/a><\/li><li style=\"font-weight: 400;\" aria-level=\"1\"><span style=\"font-weight: 400;\">Configuraci\u00f3n de cookies para\u00a0<\/span><a href=\"https:\/\/support.mozilla.org\/es\/kb\/habilitar-y-deshabilitar-cookies-sitios-web-rastrear-preferencias?redirectlocale=es&amp;redirectslug=habilitar-y-deshabilitar-cookies-que-los-sitios-we\"><span style=\"font-weight: 400;\">Mozilla Firefox<\/span><\/a><br \/><br \/><\/li><\/ul><h2 data-section-id=\"1gerkv1\" data-start=\"4988\" data-end=\"5024\">M\u00e1s informaci\u00f3n sobre las cookies<\/h2><p data-start=\"5026\" data-end=\"5230\">Puedes consultar el reglamento sobre cookies publicado por la Agencia Espa\u00f1ola de Protecci\u00f3n de Datos en su \u201cGu\u00eda sobre el uso de las cookies\u201d y obtener m\u00e1s informaci\u00f3n sobre las cookies en Internet en:<\/p><p data-start=\"5232\" data-end=\"5302\"><a class=\"decorated-link\" href=\"http:\/\/www.aboutcookies.org\/?utm_source=chatgpt.com\" target=\"_new\" rel=\"noopener\" data-start=\"5232\" data-end=\"5300\">About Cookies<\/a><\/p><p data-start=\"5304\" data-end=\"5539\">Si deseas tener un mayor control sobre la instalaci\u00f3n de cookies, puedes instalar programas o complementos a tu navegador, conocidos como herramientas de \u201cDo Not Track\u201d, que te permitir\u00e1n escoger aquellas cookies que deseas permitir.<\/p><p data-start=\"5541\" data-end=\"5615\" data-is-last-node=\"\" data-is-only-node=\"\">Esta pol\u00edtica de cookies ha sido actualizada por \u00faltima vez el 01\/05\/2026.<\/p>\t\t\t\t\t\t\t\t<\/div>\n\t\t\t\t<\/div>\n\t\t\t\t\t<\/div>\n\t\t\t\t<\/div>\n\t\t\t\t<\/div>\n\t\t","protected":false},"excerpt":{"rendered":"<p>Recopilamos y usamos informaci\u00f3n en este sitio web como se describe en nuestra pol\u00edtica de privacidad. Una de las formas en que recopilamos informaci\u00f3n es mediante el uso de tecnolog\u00eda denominada \u00abcookies\u00bb. En Naiara Alvaro Abogada utilizamos cookies para evitar riesgos de seguridad. Cookies de terceros Naiara Alvaro Abogada utiliza servicios de an\u00e1lisis, como Google [&hellip;]<\/p>\n","protected":false},"author":1,"featured_media":0,"parent":0,"menu_order":0,"comment_status":"closed","ping_status":"closed","template":"elementor_header_footer","meta":{"footnotes":""},"class_list":["post-31","page","type-page","status-publish","hentry"],"_links":{"self":[{"href":"https:\/\/naiaraalvaroabogada.es\/abogado-familia\/wp-json\/wp\/v2\/pages\/31","targetHints":{"allow":["GET"]}}],"collection":[{"href":"https:\/\/naiaraalvaroabogada.es\/abogado-familia\/wp-json\/wp\/v2\/pages"}],"about":[{"href":"https:\/\/naiaraalvaroabogada.es\/abogado-familia\/wp-json\/wp\/v2\/types\/page"}],"author":[{"embeddable":true,"href":"https:\/\/naiaraalvaroabogada.es\/abogado-familia\/wp-json\/wp\/v2\/users\/1"}],"replies":[{"embeddable":true,"href":"https:\/\/naiaraalvaroabogada.es\/abogado-familia\/wp-json\/wp\/v2\/comments?post=31"}],"version-history":[{"count":10,"href":"https:\/\/naiaraalvaroabogada.es\/abogado-familia\/wp-json\/wp\/v2\/pages\/31\/revisions"}],"predecessor-version":[{"id":1222,"href":"https:\/\/naiaraalvaroabogada.es\/abogado-familia\/wp-json\/wp\/v2\/pages\/31\/revisions\/1222"}],"wp:attachment":[{"href":"https:\/\/naiaraalvaroabogada.es\/abogado-familia\/wp-json\/wp\/v2\/media?parent=31"}],"curies":[{"name":"wp","href":"https:\/\/api.w.org\/{rel}","templated":true}]}}