{"id":22,"date":"2023-12-14T11:06:35","date_gmt":"2023-12-14T11:06:35","guid":{"rendered":"https:\/\/naiaraalvaroabogada.es\/abogado-familia\/?page_id=22"},"modified":"2026-05-07T11:40:10","modified_gmt":"2026-05-07T09:40:10","slug":"aviso-legal","status":"publish","type":"page","link":"https:\/\/naiaraalvaroabogada.es\/abogado-familia\/aviso-legal\/","title":{"rendered":"Aviso legal"},"content":{"rendered":"\t\t<div data-elementor-type=\"wp-page\" data-elementor-id=\"22\" class=\"elementor elementor-22\" data-elementor-post-type=\"page\">\n\t\t\t\t<div class=\"elementor-element elementor-element-02dbcdd e-flex e-con-boxed e-con e-parent\" data-id=\"02dbcdd\" data-element_type=\"container\" data-e-type=\"container\">\n\t\t\t\t\t<div class=\"e-con-inner\">\n\t\t\t\t<div class=\"elementor-element elementor-element-04a8745 elementor-widget elementor-widget-heading\" data-id=\"04a8745\" data-element_type=\"widget\" data-e-type=\"widget\" data-widget_type=\"heading.default\">\n\t\t\t\t<div class=\"elementor-widget-container\">\n\t\t\t\t\t<h1 class=\"elementor-heading-title elementor-size-default\">Aviso legal<\/h1>\t\t\t\t<\/div>\n\t\t\t\t<\/div>\n\t\t\t\t<div class=\"elementor-element elementor-element-46f0975 elementor-widget elementor-widget-text-editor\" data-id=\"46f0975\" data-element_type=\"widget\" data-e-type=\"widget\" data-widget_type=\"text-editor.default\">\n\t\t\t\t<div class=\"elementor-widget-container\">\n\t\t\t\t\t\t\t\t\t<p data-start=\"0\" data-end=\"258\">Datos del Responsable<br data-start=\"21\" data-end=\"24\" \/>Identidad del Responsable: Naiara Alvaro<br data-start=\"64\" data-end=\"67\" \/>Nombre comercial: Naiara Alvaro Abogada<br data-start=\"106\" data-end=\"109\" \/>NIF\/CIF: 72598606A<br data-start=\"127\" data-end=\"130\" \/>Direcci\u00f3n: San Juan Kalea, 3, 1, 20600 Eibar, Gipuzkoa<br data-start=\"184\" data-end=\"187\" \/>Correo electr\u00f3nico: <a class=\"decorated-link cursor-pointer\" rel=\"noopener\" data-start=\"207\" data-end=\"230\">nalvaro.legal@gmail.com<\/a> \/ <a class=\"decorated-link cursor-pointer\" rel=\"noopener\" data-start=\"233\" data-end=\"256\">naiara.alvaro@icagi.net<\/a><\/p><p data-start=\"260\" data-end=\"1059\">En este espacio, el USUARIO, podr\u00e1 encontrar toda la informaci\u00f3n relativa a los t\u00e9rminos y condiciones legales que definen las relaciones entre los usuarios y nosotros como responsables de esta web. Como usuario, es importante que conozcas estos t\u00e9rminos antes de continuar tu navegaci\u00f3n.<br data-start=\"548\" data-end=\"551\" \/>Naiara Alvaro Abogada como responsable de esta web, asume el compromiso de procesar la informaci\u00f3n de nuestros usuarios y clientes con plenas garant\u00edas y cumplir con los requisitos nacionales y europeos que regulan la recopilaci\u00f3n y uso de los datos personales de nuestros usuarios.<br data-start=\"833\" data-end=\"836\" \/>Esta web, por tanto, cumple rigurosamente con el RGPD (REGLAMENTO (UE) 2016\/679 de protecci\u00f3n de datos) y la LSSI-CE la Ley 34\/2002, de 11 de julio, de servicios de la sociedad de la informaci\u00f3n y de comercio electr\u00f3nico.<\/p><h2 data-section-id=\"1qc6yn\" data-start=\"1061\" data-end=\"1092\">Condiciones generales de uso<\/h2><p data-start=\"1094\" data-end=\"1491\">Las presentes Condiciones Generales regulan el uso (incluyendo el mero acceso) de las p\u00e1ginas de la web, integrantes del sitio web naiaraalvaroabogada.es incluidos los contenidos y servicios puestos a disposici\u00f3n en ellas. Toda persona que acceda a la web, naiaraalvaroabogada.es (\u201cUsuario\u201d) acepta someterse a las Condiciones Generales vigentes en cada momento del portal naiaraalvaroabogada.es<\/p><p data-start=\"1493\" data-end=\"1818\">El Usuario queda informado, y acepta, que el acceso a la presente web no supone, en modo alguno, el inicio de una relaci\u00f3n comercial con Naiara Alvaro Abogada. De esta forma, el usuario se compromete a utilizar el sitio Web, sus servicios y contenidos sin contravenir la legislaci\u00f3n vigente, la buena fe y el orden p\u00fablico.<\/p><p data-start=\"1820\" data-end=\"2038\">Queda prohibido el uso de la web, con fines il\u00edcitos o lesivos, o que, de cualquier forma, puedan causar perjuicio o impedir el normal funcionamiento del sitio web. Respecto de los contenidos de esta web, se proh\u00edbe:<\/p><ul data-start=\"2040\" data-end=\"2321\"><li data-section-id=\"1brcdfh\" data-start=\"2040\" data-end=\"2176\">Su reproducci\u00f3n, distribuci\u00f3n o modificaci\u00f3n, total o parcial, a menos que se cuente con la autorizaci\u00f3n de sus leg\u00edtimos titulares;<\/li><li data-section-id=\"j5lzar\" data-start=\"2177\" data-end=\"2262\">Cualquier vulneraci\u00f3n de los derechos del prestador o de los leg\u00edtimos titulares;<\/li><li data-section-id=\"1eymz5y\" data-start=\"2263\" data-end=\"2321\">Su utilizaci\u00f3n para fines comerciales o publicitarios.<\/li><\/ul><p data-start=\"2323\" data-end=\"2684\">En la utilizaci\u00f3n de la web, naiaraalvaroabogada.es, el Usuario se compromete a no llevar a cabo ninguna conducta que pudiera da\u00f1ar la imagen, los intereses y los derechos de Naiara Alvaro Abogada o de terceros o que pudiera da\u00f1ar, inutilizar o sobrecargar el portal naiaraalvaroabogada.es o que impidiera, de cualquier forma, la normal utilizaci\u00f3n de la web.<\/p><p data-start=\"2686\" data-end=\"3100\">No obstante, el Usuario debe ser consciente de que las medidas de seguridad de los sistemas inform\u00e1ticos en Internet no son enteramente fiables y que, por tanto, Naiara Alvaro Abogada no puede garantizar la inexistencia de virus u otros elementos que puedan producir alteraciones en los sistemas inform\u00e1ticos (software y hardware) del Usuario o en sus documentos electr\u00f3nicos y ficheros contenidos en los mismos.<\/p><h2 data-section-id=\"dfjt6x\" data-start=\"3102\" data-end=\"3125\">Medidas de seguridad<\/h2><p data-start=\"3127\" data-end=\"3585\">Los datos personales comunicados por el usuario a Naiara Alvaro Abogada pueden ser almacenados en bases de datos automatizadas o no, cuya titularidad corresponde en exclusiva a Naiara Alvaro Abogada, asumiendo \u00e9sta todas las medidas de \u00edndole t\u00e9cnica, organizativa y de seguridad que garantizan la confidencialidad, integridad y calidad de la informaci\u00f3n contenida en las mismas de acuerdo con lo establecido en la normativa vigente en protecci\u00f3n de datos.<\/p><p data-start=\"3587\" data-end=\"3862\">La comunicaci\u00f3n entre los usuarios y Naiara Alvaro Abogada utiliza un canal seguro, y los datos transmitidos son cifrados gracias a protocolos HTTPS, por tanto, garantizamos las mejores condiciones de seguridad para que la confidencialidad de los usuarios est\u00e9 garantizada.<\/p><h2 data-section-id=\"w3bjzh\" data-start=\"3864\" data-end=\"3880\">Reclamaciones<\/h2><p data-start=\"3882\" data-end=\"3984\">Naiara Alvaro Abogada informa que existen hojas de reclamaci\u00f3n a disposici\u00f3n de usuarios y clientes.<\/p><p data-start=\"3986\" data-end=\"4234\">El Usuario podr\u00e1 realizar reclamaciones solicitando su hoja de reclamaci\u00f3n o remitiendo un correo electr\u00f3nico a naiaraalvaroabogada.es indicando su nombre y apellidos, el servicio y\/o producto adquirido y exponiendo los motivos de su reclamaci\u00f3n.<\/p><p data-start=\"4236\" data-end=\"4526\">El usuario\/comprador podr\u00e1 notificarnos la reclamaci\u00f3n, bien a trav\u00e9s de correo electr\u00f3nico a: <a class=\"decorated-link cursor-pointer\" rel=\"noopener\" data-start=\"4331\" data-end=\"4354\">nalvaro.legal@gmail.com<\/a> \/ <a class=\"decorated-link cursor-pointer\" rel=\"noopener\" data-start=\"4357\" data-end=\"4380\">naiara.alvaro@icagi.net<\/a> o bien por correo postal dirigido a: Naiara Alvaro Abogada, San Juan Kalea, 3, 1, 20600 Eibar, Gipuzkoa el siguiente formulario de reclamaci\u00f3n:<\/p><p data-start=\"4528\" data-end=\"4668\">A la atenci\u00f3n de: Naiara Alvaro Abogada.<br data-start=\"4568\" data-end=\"4571\" \/>San Juan Kalea, 3, 1, 20600 Eibar, Gipuzkoa<br data-start=\"4614\" data-end=\"4617\" \/><a class=\"decorated-link cursor-pointer\" rel=\"noopener\" data-start=\"4617\" data-end=\"4640\">nalvaro.legal@gmail.com<\/a> \/ <a class=\"decorated-link cursor-pointer\" rel=\"noopener\" data-start=\"4643\" data-end=\"4666\">naiara.alvaro@icagi.net<\/a><\/p><p data-start=\"4670\" data-end=\"4849\">El servicio\/producto:<br data-start=\"4691\" data-end=\"4694\" \/>Adquirido el d\u00eda:<br data-start=\"4711\" data-end=\"4714\" \/>Nombre del usuario:<br data-start=\"4733\" data-end=\"4736\" \/>Domicilio del usuario:<br data-start=\"4758\" data-end=\"4761\" \/>Firma del usuario (solo si se presenta en papel):<br data-start=\"4810\" data-end=\"4813\" \/>Fecha:<br data-start=\"4819\" data-end=\"4822\" \/>Motivo de la reclamaci\u00f3n:<\/p><h2 data-section-id=\"1noyz6d\" data-start=\"4851\" data-end=\"4892\">Plataforma de resoluci\u00f3n de conflictos<\/h2><p data-start=\"4894\" data-end=\"5144\">Por si puede ser de tu inter\u00e9s, para someter tus reclamaciones puedes utilizar tambi\u00e9n la plataforma de resoluci\u00f3n de litigios que facilita la Comisi\u00f3n Europea y que se encuentra disponible en el siguiente enlace: <a class=\"decorated-link\" href=\"http:\/\/ec.europa.eu\/consumers\/odr\/\" target=\"_new\" rel=\"noopener\" data-start=\"5108\" data-end=\"5142\">http:\/\/ec.europa.eu\/consumers\/odr\/<\/a><\/p><h2 data-section-id=\"4ky5j\" data-start=\"5146\" data-end=\"5183\">Propiedad intelectual e industrial<\/h2><p data-start=\"5185\" data-end=\"5614\">En virtud de lo dispuesto en los art\u00edculos 8 y 32.1, p\u00e1rrafo segundo, de la Ley de Propiedad Intelectual, quedan expresamente prohibidas la reproducci\u00f3n, la distribuci\u00f3n y la comunicaci\u00f3n p\u00fablica, incluida su modalidad de puesta a disposici\u00f3n, de la totalidad o parte de los contenidos de esta p\u00e1gina web, con fines comerciales, en cualquier soporte y por cualquier medio t\u00e9cnico, sin la autorizaci\u00f3n de naiaraalvaroabogada.es.<\/p><p data-start=\"5616\" data-end=\"5748\">El usuario debe comprometerse a respetar los derechos de Propiedad Intelectual e Industrial titularidad de naiaraalvaroabogada.es.<\/p><p data-start=\"5750\" data-end=\"6201\">El usuario conoce y acepta que la totalidad del sitio web, conteniendo sin car\u00e1cter exhaustivo el texto, software, contenidos (incluyendo estructura, selecci\u00f3n, ordenaci\u00f3n y presentaci\u00f3n de los mismos) podcast, fotograf\u00edas, material audiovisual y gr\u00e1ficos, est\u00e1 protegida por marcas, derechos de autor y otros derechos leg\u00edtimos, de acuerdo con los tratados internacionales en los que Espa\u00f1a es parte y otros derechos de propiedad y leyes de Espa\u00f1a.<\/p><p data-start=\"6203\" data-end=\"6473\">En el caso de que un usuario o un tercero consideren que se ha producido una violaci\u00f3n de sus leg\u00edtimos derechos de propiedad intelectual por la introducci\u00f3n de un determinado contenido en la web, deber\u00e1 notificar dicha circunstancia a Naiara Alvaro Abogada indicando:<\/p><ul data-start=\"6475\" data-end=\"6990\"><li data-section-id=\"17ilo4o\" data-start=\"6475\" data-end=\"6684\">Datos personales del interesado titular de los derechos presuntamente infringidos, o indicar la representaci\u00f3n con la que act\u00faa en caso de que la reclamaci\u00f3n la presente un tercero distinto del interesado.<\/li><li data-section-id=\"1onpl2x\" data-start=\"6685\" data-end=\"6990\">Se\u00f1alar los contenidos protegidos por los derechos de propiedad intelectual y su ubicaci\u00f3n en la web, la acreditaci\u00f3n de los derechos de propiedad intelectual se\u00f1alados y declaraci\u00f3n expresa en la que el interesado se responsabiliza de la veracidad de las informaciones facilitadas en la notificaci\u00f3n.<\/li><\/ul><h2 data-section-id=\"1s4s0qi\" data-start=\"6992\" data-end=\"7011\">Enlaces externos<\/h2><p data-start=\"7013\" data-end=\"7162\">Las p\u00e1ginas de la web naiaraalvaroabogada.es, proporciona enlaces a otros sitios web propios y contenidos que son propiedad de terceros tales como:<\/p><ul data-start=\"7164\" data-end=\"7223\"><li data-section-id=\"1098v1h\" data-start=\"7164\" data-end=\"7193\">Contenidos de otros blogs<\/li><li data-section-id=\"5yheul\" data-start=\"7194\" data-end=\"7210\">Herramientas<\/li><li data-section-id=\"1tjdllg\" data-start=\"7211\" data-end=\"7223\">Recursos<\/li><\/ul><p data-start=\"7225\" data-end=\"7328\">El \u00fanico objeto de los enlaces es proporcionar al Usuario la posibilidad de acceder a dichos enlaces.<\/p><p data-start=\"7330\" data-end=\"7468\">Naiara Alvaro Abogada no se responsabiliza en ning\u00fan caso de los resultados que puedan derivarse al Usuario por acceso a dichos enlaces.<\/p><p data-start=\"7470\" data-end=\"7719\">Asimismo, el usuario encontrar\u00e1 dentro de este sitio, p\u00e1ginas, promociones, programas de afiliados que acceden a los h\u00e1bitos de navegaci\u00f3n de los usuarios para establecer perfiles. Esta informaci\u00f3n siempre es an\u00f3nima y no se identifica al usuario.<\/p><p data-start=\"7721\" data-end=\"8065\">La Informaci\u00f3n que se proporcione en estos Sitios patrocinados o enlaces de afiliados est\u00e1 sujeta a las pol\u00edticas de privacidad que se utilicen en dichos Sitios y no estar\u00e1 sujeta a esta pol\u00edtica de privacidad. Por lo que recomendamos ampliamente a los Usuarios a revisar detalladamente las pol\u00edticas de privacidad de los enlaces de afiliado.<\/p><p data-start=\"8067\" data-end=\"8542\">El Usuario que se proponga establecer cualquier dispositivo t\u00e9cnico de enlace desde su sitio web al portal naiaraalvaroabogada.es deber\u00e1 obtener la autorizaci\u00f3n previa y escrita de Naiara Alvaro Abogada. El establecimiento del enlace no implica en ning\u00fan caso la existencia de relaciones entre Naiara Alvaro Abogada y el propietario del sitio en el que se establezca el enlace, ni la aceptaci\u00f3n o aprobaci\u00f3n por parte de Naiara Alvaro Abogada de sus contenidos o servicios.<\/p><h2 data-section-id=\"jl0059\" data-start=\"8544\" data-end=\"8570\">Pol\u00edtica de comentarios<\/h2><p data-start=\"8572\" data-end=\"8674\">En nuestra web se permiten realizar comentarios para enriquecer los contenidos y realizar consultas.<\/p><p data-start=\"8676\" data-end=\"8896\">No se admitir\u00e1n comentarios que no est\u00e9n relacionados con la tem\u00e1tica de esta web, que incluyan difamaciones, agravios, insultos, ataques personales o faltas de respeto en general hacia el autor o hacia otros miembros.<\/p><p data-start=\"8898\" data-end=\"9171\">Tambi\u00e9n ser\u00e1n suprimidos los comentarios que contengan informaci\u00f3n que sea obviamente enga\u00f1osa o falsa, as\u00ed como los comentarios que contengan informaci\u00f3n personal, como, por ejemplo, domicilios privados o tel\u00e9fonos y que vulneren nuestra pol\u00edtica de protecci\u00f3n de datos.<\/p><p data-start=\"9173\" data-end=\"9345\">Se desestimar\u00e1, igualmente, aquellos comentarios creados s\u00f3lo con fines promocionales de una web, persona o colectivo y todo lo que pueda ser considerado spam en general.<\/p><h2 data-section-id=\"ihpjzn\" data-start=\"9347\" data-end=\"9392\">Exclusi\u00f3n de garant\u00edas y responsabilidades<\/h2><p data-start=\"9394\" data-end=\"9554\">El Prestador no otorga ninguna garant\u00eda ni se hace responsable, en ning\u00fan caso, de los da\u00f1os y perjuicios de cualquier naturaleza que pudieran traer causa de:<\/p><ul data-start=\"9556\" data-end=\"9994\"><li data-section-id=\"m5xa30\" data-start=\"9556\" data-end=\"9671\">La falta de disponibilidad, mantenimiento y efectivo funcionamiento de la web, o de sus servicios y contenidos;<\/li><li data-section-id=\"5616kv\" data-start=\"9672\" data-end=\"9749\">La existencia de virus, programas maliciosos o lesivos en los contenidos;<\/li><li data-section-id=\"19i9yru\" data-start=\"9750\" data-end=\"9825\">El uso il\u00edcito, negligente, fraudulento o contrario a este Aviso Legal;<\/li><li data-section-id=\"139c5iz\" data-start=\"9826\" data-end=\"9994\">La falta de licitud, calidad, fiabilidad, utilidad y disponibilidad de los servicios prestados por terceros y puestos a disposici\u00f3n de los usuarios en el sitio web.<\/li><\/ul><p data-start=\"9996\" data-end=\"10141\">El prestador no se hace responsable bajo ning\u00fan concepto de los da\u00f1os que pudieran dimanar del uso ilegal o indebido de la presente p\u00e1gina web.<\/p><h2 data-section-id=\"1c78x6y\" data-start=\"10143\" data-end=\"10154\">Contacto<\/h2><p data-start=\"10156\" data-end=\"10379\">En caso de que cualquier Usuario tuviese alguna duda acerca de estas Condiciones legales o cualquier comentario sobre el portal naiaraalvaroabogada.es por favor dir\u00edjase a <a class=\"decorated-link cursor-pointer\" rel=\"noopener\" data-start=\"10328\" data-end=\"10351\">nalvaro.legal@gmail.com<\/a> \/ <a class=\"decorated-link cursor-pointer\" rel=\"noopener\" data-start=\"10354\" data-end=\"10377\">naiara.alvaro@icagi.net<\/a><\/p><p data-start=\"10381\" data-end=\"10447\">El aviso legal ha sido actualizado por \u00faltima vez el 01\/05\/2026.<\/p><p data-start=\"10449\" data-end=\"10563\" data-is-last-node=\"\" data-is-only-node=\"\">De parte del equipo que formamos Naiara Alvaro Abogada te agradecemos el tiempo dedicado en leer este Aviso Legal.<\/p>\t\t\t\t\t\t\t\t<\/div>\n\t\t\t\t<\/div>\n\t\t\t\t\t<\/div>\n\t\t\t\t<\/div>\n\t\t\t\t<\/div>\n\t\t","protected":false},"excerpt":{"rendered":"<p>Datos del ResponsableIdentidad del Responsable: Naiara AlvaroNombre comercial: Naiara Alvaro AbogadaNIF\/CIF: 72598606ADirecci\u00f3n: San Juan Kalea, 3, 1, 20600 Eibar, GipuzkoaCorreo electr\u00f3nico: nalvaro.legal@gmail.com \/ naiara.alvaro@icagi.net En este espacio, el USUARIO, podr\u00e1 encontrar toda la informaci\u00f3n relativa a los t\u00e9rminos y condiciones legales que definen las relaciones entre los usuarios y nosotros como responsables de esta web. [&hellip;]<\/p>\n","protected":false},"author":1,"featured_media":0,"parent":0,"menu_order":0,"comment_status":"closed","ping_status":"closed","template":"elementor_header_footer","meta":{"footnotes":""},"class_list":["post-22","page","type-page","status-publish","hentry"],"_links":{"self":[{"href":"https:\/\/naiaraalvaroabogada.es\/abogado-familia\/wp-json\/wp\/v2\/pages\/22","targetHints":{"allow":["GET"]}}],"collection":[{"href":"https:\/\/naiaraalvaroabogada.es\/abogado-familia\/wp-json\/wp\/v2\/pages"}],"about":[{"href":"https:\/\/naiaraalvaroabogada.es\/abogado-familia\/wp-json\/wp\/v2\/types\/page"}],"author":[{"embeddable":true,"href":"https:\/\/naiaraalvaroabogada.es\/abogado-familia\/wp-json\/wp\/v2\/users\/1"}],"replies":[{"embeddable":true,"href":"https:\/\/naiaraalvaroabogada.es\/abogado-familia\/wp-json\/wp\/v2\/comments?post=22"}],"version-history":[{"count":6,"href":"https:\/\/naiaraalvaroabogada.es\/abogado-familia\/wp-json\/wp\/v2\/pages\/22\/revisions"}],"predecessor-version":[{"id":1213,"href":"https:\/\/naiaraalvaroabogada.es\/abogado-familia\/wp-json\/wp\/v2\/pages\/22\/revisions\/1213"}],"wp:attachment":[{"href":"https:\/\/naiaraalvaroabogada.es\/abogado-familia\/wp-json\/wp\/v2\/media?parent=22"}],"curies":[{"name":"wp","href":"https:\/\/api.w.org\/{rel}","templated":true}]}}